{"id":387,"date":"2024-07-11T12:27:21","date_gmt":"2024-07-11T10:27:21","guid":{"rendered":"https:\/\/www.eurokeramia.hu\/?page_id=387"},"modified":"2024-07-11T12:28:50","modified_gmt":"2024-07-11T10:28:50","slug":"elerhetosegeink","status":"publish","type":"page","link":"https:\/\/www.eurokeramia.hu\/index.php\/elerhetosegeink\/","title":{"rendered":"El\u00e9rhet\u0151s\u00e9geink"},"content":{"rendered":"\n<figure class=\"wp-block-image\"><img loading=\"lazy\" decoding=\"async\" width=\"525\" height=\"141\" src=\"https:\/\/i0.wp.com\/www.eurokeramia.hu\/wp-content\/uploads\/2017\/11\/cropped-eurokermia1-1.png?resize=525%2C141\" alt=\"\" class=\"wp-image-151\" srcset=\"https:\/\/i0.wp.com\/www.eurokeramia.hu\/wp-content\/uploads\/2017\/11\/cropped-eurokermia1-1.png?w=928&amp;ssl=1 928w, https:\/\/i0.wp.com\/www.eurokeramia.hu\/wp-content\/uploads\/2017\/11\/cropped-eurokermia1-1.png?resize=300%2C81&amp;ssl=1 300w, https:\/\/i0.wp.com\/www.eurokeramia.hu\/wp-content\/uploads\/2017\/11\/cropped-eurokermia1-1.png?resize=768%2C207&amp;ssl=1 768w\" sizes=\"(max-width: 767px) 89vw, (max-width: 1000px) 54vw, (max-width: 1071px) 543px, 580px\" data-recalc-dims=\"1\" \/><\/figure>\n\n\n\n<p><strong>C\u00edm:&nbsp;<\/strong>5000 Szolnok, T\u00f3szegi \u00fat 9.<br><strong>E-mail:&nbsp;<\/strong>eurokera@eurokeramia.hu<br><strong>Telefon:&nbsp;<\/strong>(56) 421-704<br><strong>Telefon:&nbsp;<\/strong>(30) 682-6964<\/p>\n\n\n\n<p><a href=\"https:\/\/goo.gl\/7wdqgR\" target=\"_blank\" rel=\"noreferrer noopener\">T\u00e9rk\u00e9p<\/a><\/p>\n\n\n\n<p><strong>Nyitvatart\u00e1s:<\/strong><br>H\u00e9tf\u0151-P\u00e9ntek: 8:00-17:00<br>Szombat: 8:00-12:30<br>Vas\u00e1rnap: z\u00e1rva<\/p>\n\n\n\n<figure class=\"wp-block-gallery has-nested-images columns-2 is-cropped wp-block-gallery-1 is-layout-flex wp-block-gallery-is-layout-flex\">\n<figure class=\"wp-block-image size-large\"><a href=\"https:\/\/i0.wp.com\/www.eurokeramia.hu\/wp-content\/uploads\/2017\/04\/Map2D.jpg?ssl=1\"><img loading=\"lazy\" decoding=\"async\" width=\"525\" height=\"302\" data-id=\"122\" src=\"https:\/\/i0.wp.com\/www.eurokeramia.hu\/wp-content\/uploads\/2017\/04\/Map2D.jpg?resize=525%2C302&#038;ssl=1\" alt=\"\" class=\"wp-image-122\" srcset=\"https:\/\/i0.wp.com\/www.eurokeramia.hu\/wp-content\/uploads\/2017\/04\/Map2D.jpg?w=1055&amp;ssl=1 1055w, https:\/\/i0.wp.com\/www.eurokeramia.hu\/wp-content\/uploads\/2017\/04\/Map2D.jpg?resize=300%2C173&amp;ssl=1 300w, https:\/\/i0.wp.com\/www.eurokeramia.hu\/wp-content\/uploads\/2017\/04\/Map2D.jpg?resize=768%2C442&amp;ssl=1 768w, https:\/\/i0.wp.com\/www.eurokeramia.hu\/wp-content\/uploads\/2017\/04\/Map2D.jpg?resize=1024%2C589&amp;ssl=1 1024w\" sizes=\"(max-width: 767px) 89vw, (max-width: 1000px) 54vw, (max-width: 1071px) 543px, 580px\" data-recalc-dims=\"1\" \/><\/a><\/figure>\n\n\n\n<figure class=\"wp-block-image size-large\"><a href=\"https:\/\/i0.wp.com\/www.eurokeramia.hu\/wp-content\/uploads\/2017\/04\/Map3D.jpg?ssl=1\"><img loading=\"lazy\" decoding=\"async\" width=\"525\" height=\"301\" data-id=\"123\" src=\"https:\/\/i0.wp.com\/www.eurokeramia.hu\/wp-content\/uploads\/2017\/04\/Map3D.jpg?resize=525%2C301&#038;ssl=1\" alt=\"\" class=\"wp-image-123\" srcset=\"https:\/\/i0.wp.com\/www.eurokeramia.hu\/wp-content\/uploads\/2017\/04\/Map3D.jpg?w=1055&amp;ssl=1 1055w, https:\/\/i0.wp.com\/www.eurokeramia.hu\/wp-content\/uploads\/2017\/04\/Map3D.jpg?resize=300%2C172&amp;ssl=1 300w, https:\/\/i0.wp.com\/www.eurokeramia.hu\/wp-content\/uploads\/2017\/04\/Map3D.jpg?resize=768%2C440&amp;ssl=1 768w, https:\/\/i0.wp.com\/www.eurokeramia.hu\/wp-content\/uploads\/2017\/04\/Map3D.jpg?resize=1024%2C586&amp;ssl=1 1024w\" sizes=\"(max-width: 767px) 89vw, (max-width: 1000px) 54vw, (max-width: 1071px) 543px, 580px\" data-recalc-dims=\"1\" \/><\/a><\/figure>\n<\/figure>\n\n\n\n<p><\/p>\n","protected":false},"excerpt":{"rendered":"<p>C\u00edm:&nbsp;5000 Szolnok, T\u00f3szegi \u00fat 9.E-mail:&nbsp;eurokera@eurokeramia.huTelefon:&nbsp;(56) 421-704Telefon:&nbsp;(30) 682-6964 T\u00e9rk\u00e9p Nyitvatart\u00e1s:H\u00e9tf\u0151-P\u00e9ntek: 8:00-17:00Szombat: 8:00-12:30Vas\u00e1rnap: z\u00e1rva<\/p>\n","protected":false},"author":1,"featured_media":0,"parent":0,"menu_order":0,"comment_status":"closed","ping_status":"closed","template":"","meta":{"jetpack_post_was_ever_published":false,"footnotes":""},"jetpack_sharing_enabled":true,"jetpack_shortlink":"https:\/\/wp.me\/P9XEfX-6f","_links":{"self":[{"href":"https:\/\/www.eurokeramia.hu\/index.php\/wp-json\/wp\/v2\/pages\/387"}],"collection":[{"href":"https:\/\/www.eurokeramia.hu\/index.php\/wp-json\/wp\/v2\/pages"}],"about":[{"href":"https:\/\/www.eurokeramia.hu\/index.php\/wp-json\/wp\/v2\/types\/page"}],"author":[{"embeddable":true,"href":"https:\/\/www.eurokeramia.hu\/index.php\/wp-json\/wp\/v2\/users\/1"}],"replies":[{"embeddable":true,"href":"https:\/\/www.eurokeramia.hu\/index.php\/wp-json\/wp\/v2\/comments?post=387"}],"version-history":[{"count":1,"href":"https:\/\/www.eurokeramia.hu\/index.php\/wp-json\/wp\/v2\/pages\/387\/revisions"}],"predecessor-version":[{"id":389,"href":"https:\/\/www.eurokeramia.hu\/index.php\/wp-json\/wp\/v2\/pages\/387\/revisions\/389"}],"wp:attachment":[{"href":"https:\/\/www.eurokeramia.hu\/index.php\/wp-json\/wp\/v2\/media?parent=387"}],"curies":[{"name":"wp","href":"https:\/\/api.w.org\/{rel}","templated":true}]}}