{"id":369,"date":"2024-03-06T17:26:33","date_gmt":"2024-03-06T16:26:33","guid":{"rendered":"https:\/\/www.eurokeramia.hu\/?page_id=369"},"modified":"2024-03-06T17:26:33","modified_gmt":"2024-03-06T16:26:33","slug":"szallitasi-informaciok","status":"publish","type":"page","link":"https:\/\/www.eurokeramia.hu\/index.php\/szallitasi-informaciok\/","title":{"rendered":"Sz\u00e1ll\u00edt\u00e1si inform\u00e1ci\u00f3k"},"content":{"rendered":"\n<ul><li>Csomagautomat\u00e1ba, Posta Pontra vagy post\u00e1ra k\u00e9zbes\u00edtve: brutt\u00f3 990 Ft\/db.<\/li><li>H\u00e1zn\u00e1l t\u00f6rt\u00e9n\u0151 k\u00e9zbes\u00edt\u00e9s eset\u00e9n: 0-10 kg-ig brutt\u00f3 1990 Ft\/db.<\/li><li>H\u00e1zn\u00e1l t\u00f6rt\u00e9n\u0151 k\u00e9zbes\u00edt\u00e9s eset\u00e9n: 10-20 kg-ig brutt\u00f3 2990 Ft\/db.<\/li><li>H\u00e1zn\u00e1l t\u00f6rt\u00e9n\u0151 k\u00e9zbes\u00edt\u00e9s eset\u00e9n: 20-40 kg-ig brutt\u00f3 5990 Ft\/db.<\/li><\/ul>\n","protected":false},"excerpt":{"rendered":"<p>Csomagautomat\u00e1ba, Posta Pontra vagy post\u00e1ra k\u00e9zbes\u00edtve: brutt\u00f3 990 Ft\/db. H\u00e1zn\u00e1l t\u00f6rt\u00e9n\u0151 k\u00e9zbes\u00edt\u00e9s eset\u00e9n: 0-10 kg-ig brutt\u00f3 1990 Ft\/db. H\u00e1zn\u00e1l t\u00f6rt\u00e9n\u0151 k\u00e9zbes\u00edt\u00e9s eset\u00e9n: 10-20 kg-ig brutt\u00f3 2990 Ft\/db. H\u00e1zn\u00e1l t\u00f6rt\u00e9n\u0151 k\u00e9zbes\u00edt\u00e9s eset\u00e9n: 20-40 kg-ig brutt\u00f3 5990 Ft\/db.<\/p>\n","protected":false},"author":1,"featured_media":0,"parent":0,"menu_order":0,"comment_status":"closed","ping_status":"closed","template":"","meta":{"jetpack_post_was_ever_published":false,"footnotes":""},"jetpack_sharing_enabled":true,"jetpack_shortlink":"https:\/\/wp.me\/P9XEfX-5X","_links":{"self":[{"href":"https:\/\/www.eurokeramia.hu\/index.php\/wp-json\/wp\/v2\/pages\/369"}],"collection":[{"href":"https:\/\/www.eurokeramia.hu\/index.php\/wp-json\/wp\/v2\/pages"}],"about":[{"href":"https:\/\/www.eurokeramia.hu\/index.php\/wp-json\/wp\/v2\/types\/page"}],"author":[{"embeddable":true,"href":"https:\/\/www.eurokeramia.hu\/index.php\/wp-json\/wp\/v2\/users\/1"}],"replies":[{"embeddable":true,"href":"https:\/\/www.eurokeramia.hu\/index.php\/wp-json\/wp\/v2\/comments?post=369"}],"version-history":[{"count":1,"href":"https:\/\/www.eurokeramia.hu\/index.php\/wp-json\/wp\/v2\/pages\/369\/revisions"}],"predecessor-version":[{"id":371,"href":"https:\/\/www.eurokeramia.hu\/index.php\/wp-json\/wp\/v2\/pages\/369\/revisions\/371"}],"wp:attachment":[{"href":"https:\/\/www.eurokeramia.hu\/index.php\/wp-json\/wp\/v2\/media?parent=369"}],"curies":[{"name":"wp","href":"https:\/\/api.w.org\/{rel}","templated":true}]}}